{"id":13,"date":"2016-11-11T14:08:50","date_gmt":"2016-11-11T14:08:50","guid":{"rendered":"http:\/\/letsstay.de\/?page_id=13"},"modified":"2017-10-12T14:27:40","modified_gmt":"2017-10-12T14:27:40","slug":"protagonisten","status":"publish","type":"page","link":"http:\/\/letsstay.de\/?page_id=13","title":{"rendered":"Protagonisten"},"content":{"rendered":"<p>Der Protagonist der siebten und vorerst letzten Episode ist Bino Byansi Byakuleka.<\/p>\n<p><img decoding=\"async\" loading=\"lazy\" class=\"alignnone size-medium wp-image-341\" src=\"http:\/\/letsstay.de\/wp-content\/uploads\/2016\/11\/Bino-300x200.jpeg\" alt=\"\" width=\"300\" height=\"200\" srcset=\"http:\/\/letsstay.de\/wp-content\/uploads\/2016\/11\/Bino-300x200.jpeg 300w, http:\/\/letsstay.de\/wp-content\/uploads\/2016\/11\/Bino-768x512.jpeg 768w, http:\/\/letsstay.de\/wp-content\/uploads\/2016\/11\/Bino-1024x683.jpeg 1024w, http:\/\/letsstay.de\/wp-content\/uploads\/2016\/11\/Bino.jpeg 1280w\" sizes=\"(max-width: 300px) 100vw, 300px\" \/><\/p>\n<p>A diploma holder in Industrial art and design, and also an Iconographer. In 2010 August I became a refugee in Germany and 2012 August started a protest tent in Passau Klostagarten. In October I joined the big refugee protest camp in Berlin at Oranienplatz in Kreuzberg. I became more political and in the late 2013 I funded the African Refugees Union (ARU) and recently I came up with a campaign \u201cWE ARE BORN FREE! MY RIGHT IS YOUR RIGHT!\u201d Fighting for HUMANITY.<\/p>\n<p>In 2014 I published the book &#8220;Mein Name ist Bino Byansi Byakuleka&#8221;. I also write many articles.<\/p>\n<p>In 2015 I opened a political space at Waldemarstr.46 in Kreuzberg district and 2016 I started the radio &#8216;Wearebornfree! Empowerment Radio&#8217; (WeRadio!).<\/p>\n<p>&nbsp;<\/p>\n<hr \/>\n<p>Der Protagonist der sechsten Episode ist Anas Albasha.<\/p>\n<p><img decoding=\"async\" loading=\"lazy\" class=\"alignnone size-medium wp-image-330\" src=\"http:\/\/letsstay.de\/wp-content\/uploads\/2016\/11\/Anas-Albasha-215x300.jpg\" alt=\"\" width=\"215\" height=\"300\" srcset=\"http:\/\/letsstay.de\/wp-content\/uploads\/2016\/11\/Anas-Albasha-215x300.jpg 215w, http:\/\/letsstay.de\/wp-content\/uploads\/2016\/11\/Anas-Albasha.jpg 358w\" sizes=\"(max-width: 215px) 100vw, 215px\" \/><\/p>\n<p>Ich bin 25 Jahre alt und komme aus Syrien, aus Aleppo. Ich habe von 2010-2012 Bauingenieurwesen an der Universit\u00e4t Aleppo studiert. Durch die Situation und meine politischen Aktivit\u00e4ten durfte ich mein Studium leider nicht zu Ende bringen.<br \/>\n&#8216;<br \/>\nIch habe von 2012-2013 in einer Notaufnahme in einem Krankenhaus in Hretan als Krankenpfleger und Apotheker-Helfer gearbeitet. Im September 2013 habe ich das Land Syrien verlassen und mich auf den Weg nach Deutschland gemacht. Genau ein Jahr sp\u00e4ter, im September 2014 bin ich Deutschland angekommen. Ich war auf dem Weg nach Deutschland in vielen L\u00e4ndern: Jordanien, T\u00fcrkei, Algeria, Libya, Italien und \u00d6sterreich.<\/p>\n<p>Ich arbeite seit Dezember 2015 als Sprachmittler f\u00fcr Gefl\u00fcchtete bei der Berliner Sparkasse. Ich mache in verschiedenen Projekten mit, die sich mit Integration besch\u00e4ftigen und unterst\u00fctze sie mit meinen Erfahrungen und Perspektiven.<\/p>\n<p>Jetzt will ich aber bald wieder studieren in der Hoffnung eines Tages beim Wiederaufbau Syriens helfen zu k\u00f6nnen.<\/p>\n<hr \/>\n<p>Die Protagonistin der f\u00fcnften Episode ist Lamia Baddour.<\/p>\n<p><img decoding=\"async\" loading=\"lazy\" class=\"alignnone size-medium wp-image-300\" src=\"http:\/\/letsstay.de\/wp-content\/uploads\/2016\/11\/IMG_7367-300x300.jpg\" alt=\"\" width=\"300\" height=\"300\" srcset=\"http:\/\/letsstay.de\/wp-content\/uploads\/2016\/11\/IMG_7367-300x300.jpg 300w, http:\/\/letsstay.de\/wp-content\/uploads\/2016\/11\/IMG_7367-150x150.jpg 150w, http:\/\/letsstay.de\/wp-content\/uploads\/2016\/11\/IMG_7367.jpg 600w\" sizes=\"(max-width: 300px) 100vw, 300px\" \/><\/p>\n<p>Ich bin hier, ich bin dort, Berlin ist mein neuer Ort.<\/p>\n<p>Mein Name ist Lamia Baddour, ich bin 37 Jahre jung und komme aus Syrien. Seite September 2014 lebe und arbeite ich in Deutschland.<\/p>\n<p>In der zweitgr\u00f6\u00dften Stadt Syriens, in Aleppo, habe ich als Koordinatorin in der Direktion f\u00fcr Training und Rehabilitation Kurse f\u00fcr Angestellt*innen einer Beh\u00f6rde angeboten. Dabei konnten sie an unterschiedlichen Lernbereichen teilnehmen\u00a0 wie beispielsweise der Besuch eines Sprach- oder Computerkurses, das Erlernen sozialen Verhaltens und weiteres mehr.<\/p>\n<p>In Berlin bin ich als Koordinatorin sowie Empowerment-Trainerin f\u00fcr gefl\u00fcchtete Frauen im Bezirk Marzahn im &#8220;Women Space Center&#8221; t\u00e4tig. Hierbei m\u00f6chte ich den Frauen eine Stimme geben, ihnen zuh\u00f6ren, sie in ihren Vorhaben st\u00e4rken und motivieren. Das &#8220;Woman Space Center&#8221; dient den Frauen als R\u00fcckzugsort, wo sie sich \u00fcber verschiedenartige Themen wie Erziehung, Bildung, Politik unterhalten k\u00f6nnen und als Ort des Erfahrungsaustauschs.<\/p>\n<p>Im Verein Triexiwiz im Bezirk Wei\u00dfensee konnte ich ebenfalls meine Erfahrung als Empowerment-Trainerin in Workshops einsetzen. Sensible Themen wie Gewalt, Rassismus, Diskrimimierung werden dort mit den teilnehmenden Frauen besprochen und vertraulich behandelt.<\/p>\n<p>Eine meiner Lieblingsbesch\u00e4ftigungen ist, Gedichte in meiner Muttersprache Arabisch zu schreiben.<\/p>\n<hr \/>\n<p>Die Protagonistin der vierten Episode ist Sabrina Yusufi:<\/p>\n<p><img decoding=\"async\" loading=\"lazy\" class=\"alignnone wp-image-283\" src=\"http:\/\/letsstay.de\/wp-content\/uploads\/2016\/11\/Sabrina_LetS-Stay_2-200x300.jpg\" alt=\"\" width=\"216\" height=\"325\" \/><\/p>\n<p>Mein Name ist Sabrina Yusufi. Ich bin 21 Jahre alt. Seit 2015 bin ich in Deutschland. Geboren bin ich in <a href=\"https:\/\/de.wikipedia.org\/wiki\/Masar-e_Scharif\" target=\"_blank\" rel=\"noopener noreferrer\">Masar-e Scharif,<\/a> der Hauptstadt der afghanischen Provinz Balch.\u00a0 Ich habe in der 12. Klasse die Schule mit Auszeichnung abgeschlossen. Schon in der 8. Klasse habe ich angefangen, Privatunterricht in English zu geben. Nach der Schule bin ich nach Indien, um Wirtschaftswissenschaften zu studieren. Ich hatte ein Stipendium der indischen Regierung erhalten. Nach zwei Jahren habe ich das Studium aber abgebrochen. Nach Afghanistan konnte ich nicht zur\u00fcck. Ich war in Lebensgefahr. Als M\u00e4dchen war es nicht erlaubt, allein in ein Land zu gehen, das nicht islamisch ist, um dort zu studieren. Au\u00dferdem arbeitete ich in meiner Heimat auch f\u00fcr den \u00f6ffentlichen Rundfunk von Balch Masar-e Scharif, stand vor der Kamera und war politsch aktiv. Au\u00dferdem war ich Leiterin eines von der UN unterst\u00fctzten Bildungsprojekts, in dem Frauen, die keine Schulbildung erfahren haben, unterrichtet wurden . Bei mir zu Hause fand das statt. Die Frauen haben dort viel gelernt, auch handwerkliche F\u00e4higkeiten habe ich ihnen beigebracht.<br \/>\nDas alles waren Gr\u00fcnde daf\u00fcr, dass ich nicht mehr Afghanistan leben konnte und nach Deutschland gekommen bin.<\/p>\n<hr \/>\n<p>Der Protagonist der dritten Episode ist Ziad Seliman:<\/p>\n<p><img decoding=\"async\" loading=\"lazy\" class=\"alignnone size-medium wp-image-231\" src=\"http:\/\/letsstay.de\/wp-content\/uploads\/2016\/11\/Foto-Ziad-225x300.jpg\" alt=\"\" width=\"225\" height=\"300\" srcset=\"http:\/\/letsstay.de\/wp-content\/uploads\/2016\/11\/Foto-Ziad-225x300.jpg 225w, http:\/\/letsstay.de\/wp-content\/uploads\/2016\/11\/Foto-Ziad-768x1024.jpg 768w, http:\/\/letsstay.de\/wp-content\/uploads\/2016\/11\/Foto-Ziad.jpg 1763w\" sizes=\"(max-width: 225px) 100vw, 225px\" \/><\/p>\n<div>Mein Name ist Ziad Seliman und bin am 20.10.1991 in Syrien geboren. Ich habe mein Abitur in Syrien gemacht und 4 Jahre Anglistik an der Uni \/ AlFurat Universit\u00e4t\/ studiert. Ich konnte mein Studium wegen des Kriegs nicht abschlie\u00dfen. Ich habe w\u00e4hrend meines Studiums 2 Jahre als Englischlehrer gearbeitet. Im Juli 2015 bin ich nach Deutschland gefl\u00fcchtet. Ich habe 8 Monate in Bad Belzig ( Brandenburg) gewohnt und am 01.04.2016 bin ich nach Berlin umgezogen. Meine Muttersprache ist kurdisch aber ich kann auch arabisch, gut englisch und deutsch.<\/div>\n<div>Letztes Jahre vom Juni bis zum Dezember habe ich in einer Evangelischen Schule als Dolmetscher und im Hort gearbeitet.<\/div>\n<div>Ich besuche jetzt einen Deutschkurs Niveau B2.<\/div>\n<p>&nbsp;<\/p>\n<hr \/>\n<p>&nbsp;<\/p>\n<p>Der Protagonist unserer zweiten Episode ist Kashif Kazmi:<\/p>\n<p><img decoding=\"async\" loading=\"lazy\" class=\"alignnone size-full wp-image-182\" src=\"http:\/\/letsstay.de\/wp-content\/uploads\/2016\/11\/Kashif-Kazmi.png\" alt=\"\" width=\"737\" height=\"551\" srcset=\"http:\/\/letsstay.de\/wp-content\/uploads\/2016\/11\/Kashif-Kazmi.png 737w, http:\/\/letsstay.de\/wp-content\/uploads\/2016\/11\/Kashif-Kazmi-300x224.png 300w\" sizes=\"(max-width: 737px) 100vw, 737px\" \/><\/p>\n<p>My name is Kashif Kazmi , 21 years old belonging to <a href=\"https:\/\/de.wikipedia.org\/wiki\/Parachinar\" target=\"_blank\" rel=\"noopener noreferrer\">Parachinar<\/a> (FATA) in Pakistan (PAK\/Afghan border).<br \/>\nI have 5 sisters and my family is in Parachinar.<br \/>\nI have done FSC (Abitur) then I have done two diplomas (1) Human Resource Management (Personnel Management) (2) Business Administration (Betriebswirtschaftslehre).<\/p>\n<p>I have worked there with <a href=\"https:\/\/pihro.org\/\" target=\"_blank\" rel=\"noopener noreferrer\">PIHRO<\/a> (Pakistan International Human Rights Organization) .<br \/>\nAlongside I was politically active and pro-active member of <a href=\"https:\/\/de.wikipedia.org\/wiki\/Pakistanische_Volkspartei\" target=\"_blank\" rel=\"noopener noreferrer\">PPP<\/a> (Pakistan People Party ) and PSF (People Student Federation)&#8230;.as my Grand-father was a high profile politician because of his inspiration I was dedicatedly engaged in social welfare and rehabilitation.<br \/>\nI came to Berlin in September 2015 &#8230;. in October I started campaigning with <a href=\"https:\/\/kiron.ngo\/\" target=\"_blank\" rel=\"noopener noreferrer\">Kiron<\/a> for higher education and got admitted studying Mechanical Engineering (Maschinenbau) and became a student spoke-person , represented Kiron idea and vision in all Governmental Institutes and in education ministry . I gave a lot of interviews ..to international Media ( Aljazeria English , Aljazeria Arabic . BBC English , BBC Farsi ,NPR , CNN , Spiegel online , tagesschau , tagesspiegel , DW (Urdu and Deutsch) many more )&#8230;&#8230;<\/p>\n<p>Then I met Wirtschaftminersterin Brigitte Zypries. She offered me Internship in German Parliament . I did political internship for three months. Then she extended it for more 4 months for doing job-oriented-praktikum.<br \/>\nI got many offers after that and applied for different Ausbildungs- and Einstiegsqualifizerungsprogramme:<br \/>\n1) EQ\/Ausbildung by SPD Parteivorstand for B\u00fcro-Managment (Willy Brandt Haus )<br \/>\n2)E\/Q Ausbildung bei Bundesagentur f\u00fcr Arbeit Mitte<br \/>\n3) Praktikum by GTAI ( German Trade and Invest ) &#8230;..Bundesministerium f\u00fcr Wirtschaft und Energie<\/p>\n<p>I was given a job offer from all of them.<br \/>\nI chose SPD because I am SPD and Jusos member since June 2016 and this decision was also due to my political interest and activities.<\/p>\n<p>Now, since I am doing E\/Q \/ Ausbildung at SPD Parteivorstand for Office Management .<\/p>\n<p>I am also politically active at SPD and Jusos and I am assisting and co-operating Jusos Kreuzberg-Friedrichshain as a full delegate .<\/p>\n<hr \/>\n<p>Unser erster Protagonist ist Samee Ullah, der Moderator unserer Sendung, selber. Um sich vorzustellen, hat er einen Gast eingeladen!<\/p>\n","protected":false},"excerpt":{"rendered":"<p>Der Protagonist der siebten und vorerst letzten Episode ist Bino Byansi Byakuleka. A diploma holder in Industrial art and design, and also an Iconographer. In 2010 August I became a refugee in Germany and 2012 August started a protest tent in Passau Klostagarten. In October I joined the big refugee protest camp in Berlin at <a class=\"read-more\" href=\"http:\/\/letsstay.de\/?page_id=13\">Read More<\/a><\/p>\n","protected":false},"author":1,"featured_media":0,"parent":0,"menu_order":0,"comment_status":"closed","ping_status":"closed","template":"","meta":[],"_links":{"self":[{"href":"http:\/\/letsstay.de\/index.php?rest_route=\/wp\/v2\/pages\/13"}],"collection":[{"href":"http:\/\/letsstay.de\/index.php?rest_route=\/wp\/v2\/pages"}],"about":[{"href":"http:\/\/letsstay.de\/index.php?rest_route=\/wp\/v2\/types\/page"}],"author":[{"embeddable":true,"href":"http:\/\/letsstay.de\/index.php?rest_route=\/wp\/v2\/users\/1"}],"replies":[{"embeddable":true,"href":"http:\/\/letsstay.de\/index.php?rest_route=%2Fwp%2Fv2%2Fcomments&post=13"}],"version-history":[{"count":22,"href":"http:\/\/letsstay.de\/index.php?rest_route=\/wp\/v2\/pages\/13\/revisions"}],"predecessor-version":[{"id":299,"href":"http:\/\/letsstay.de\/index.php?rest_route=\/wp\/v2\/pages\/13\/revisions\/299"}],"wp:attachment":[{"href":"http:\/\/letsstay.de\/index.php?rest_route=%2Fwp%2Fv2%2Fmedia&parent=13"}],"curies":[{"name":"wp","href":"https:\/\/api.w.org\/{rel}","templated":true}]}}