{"id":35,"date":"2016-11-11T14:18:29","date_gmt":"2016-11-11T14:18:29","guid":{"rendered":"http:\/\/letsstay.de\/?page_id=35"},"modified":"2017-03-07T21:44:01","modified_gmt":"2017-03-07T21:44:01","slug":"home","status":"publish","type":"page","link":"http:\/\/letsstay.de\/","title":{"rendered":"Home"},"content":{"rendered":"<h2><span style=\"color: #fc3f3f;\">Let&#8217;s Stay ist ein YouTube-Kanal.<\/span><\/h2>\n<h4>Entwickelt mit und von Gefl\u00fcchteten und Medienschaffenden.<\/h4>\n<p>Menschen, die aus ihren Heimatl\u00e4ndern fliehen mussten, erz\u00e4hlen aus ihrem Leben in Deutschland und warum sie fliehen mussten.<\/p>\n<p>Geschichtenerz\u00e4hlen hilft, sich gegenseitig besser zu verstehen. Und das ist dieser Tage dringend notwendig.<\/p>\n<p>Dabei wollen wir spannend und unterhaltsam sein, ernst, aber auch ironisch. Wir wollen zum Nachdenken anregen und zum gemeinsamen Lachen \u2013 und nat\u00fcrlich zum Dialog und Miteinander:<\/p>\n<p>wir wollen Eure Meinung h\u00f6ren!<\/p>\n<p>Gefl\u00fcchtete erz\u00e4hlen von sich Episode 2:<br \/>\n<a id=\"69f61b495cecb\" rel=\"wp-video-lightbox\" href=\"https:\/\/www.youtube.com\/watch?v=THZlPnZwZ-8&amp;rel=false&width=640&height=360\" title=\"\"><img src=\"http:\/\/letsstay.de\/wp-content\/uploads\/2017\/03\/video4.jpg\" class=\"video_lightbox_anchor_image\" alt=\"\" \/><\/a>    <script>\r\n    \/* <![CDATA[ *\/\r\n    jQuery(document).ready(function($){\r\n        $(function(){\r\n            var width = $(window).innerWidth();\r\n            var setwidth = 640;\r\n            var ratio = 0.5625;\r\n            var height = 360;\r\n            var link = 'https:\/\/www.youtube.com\/watch?v=THZlPnZwZ-8&amp;rel=false&width=640&height=360';\r\n            if(width < setwidth)\r\n            {\r\n                height = Math.floor(width * 0.5625);\r\n                \/\/console.log(\"device width \"+width+\", set width \"+640+\", ratio \"+0.5625+\", new height \"+ height);\r\n                var new_url = wpvl_paramReplace('width', link, width);\r\n                var new_url = wpvl_paramReplace('height', new_url, height);\r\n                $(\"a#69f61b495cecb\").attr('href', new_url);\r\n                \/\/console.log(new_url);\r\n            }    \r\n        });\r\n    });\r\n    \/* ]]> *\/\r\n    <\/script>        <\/p>\n<p>Dier erste Episode ist online:<br \/>\n<a id=\"69f61b495cedf\" rel=\"wp-video-lightbox\" href=\"https:\/\/www.youtube.com\/watch?v=HeNAaAQi96o&amp;rel=false&width=640&height=360\" title=\"\"><img src=\"http:\/\/letsstay.de\/wp-content\/uploads\/2016\/11\/video2.jpg\" class=\"video_lightbox_anchor_image\" alt=\"\" \/><\/a>    <script>\r\n    \/* <![CDATA[ *\/\r\n    jQuery(document).ready(function($){\r\n        $(function(){\r\n            var width = $(window).innerWidth();\r\n            var setwidth = 640;\r\n            var ratio = 0.5625;\r\n            var height = 360;\r\n            var link = 'https:\/\/www.youtube.com\/watch?v=HeNAaAQi96o&amp;rel=false&width=640&height=360';\r\n            if(width < setwidth)\r\n            {\r\n                height = Math.floor(width * 0.5625);\r\n                \/\/console.log(\"device width \"+width+\", set width \"+640+\", ratio \"+0.5625+\", new height \"+ height);\r\n                var new_url = wpvl_paramReplace('width', link, width);\r\n                var new_url = wpvl_paramReplace('height', new_url, height);\r\n                $(\"a#69f61b495cedf\").attr('href', new_url);\r\n                \/\/console.log(new_url);\r\n            }    \r\n        });\r\n    });\r\n    \/* ]]> *\/\r\n    <\/script>        <\/p>\n","protected":false},"excerpt":{"rendered":"<p>Let&#8217;s Stay ist ein YouTube-Kanal. Entwickelt mit und von Gefl\u00fcchteten und Medienschaffenden. Menschen, die aus ihren Heimatl\u00e4ndern fliehen mussten, erz\u00e4hlen aus ihrem Leben in Deutschland und warum sie fliehen mussten. Geschichtenerz\u00e4hlen hilft, sich gegenseitig besser zu verstehen. Und das ist dieser Tage dringend notwendig. Dabei wollen wir spannend und unterhaltsam sein, ernst, aber auch ironisch. <a class=\"read-more\" href=\"http:\/\/letsstay.de\/\">Read More<\/a><\/p>\n","protected":false},"author":1,"featured_media":0,"parent":0,"menu_order":0,"comment_status":"closed","ping_status":"closed","template":"","meta":[],"_links":{"self":[{"href":"http:\/\/letsstay.de\/index.php?rest_route=\/wp\/v2\/pages\/35"}],"collection":[{"href":"http:\/\/letsstay.de\/index.php?rest_route=\/wp\/v2\/pages"}],"about":[{"href":"http:\/\/letsstay.de\/index.php?rest_route=\/wp\/v2\/types\/page"}],"author":[{"embeddable":true,"href":"http:\/\/letsstay.de\/index.php?rest_route=\/wp\/v2\/users\/1"}],"replies":[{"embeddable":true,"href":"http:\/\/letsstay.de\/index.php?rest_route=%2Fwp%2Fv2%2Fcomments&post=35"}],"version-history":[{"count":20,"href":"http:\/\/letsstay.de\/index.php?rest_route=\/wp\/v2\/pages\/35\/revisions"}],"predecessor-version":[{"id":213,"href":"http:\/\/letsstay.de\/index.php?rest_route=\/wp\/v2\/pages\/35\/revisions\/213"}],"wp:attachment":[{"href":"http:\/\/letsstay.de\/index.php?rest_route=%2Fwp%2Fv2%2Fmedia&parent=35"}],"curies":[{"name":"wp","href":"https:\/\/api.w.org\/{rel}","templated":true}]}}