{"id":7,"date":"2016-11-11T14:07:21","date_gmt":"2016-11-11T14:07:21","guid":{"rendered":"http:\/\/letsstay.de\/?page_id=7"},"modified":"2017-03-08T09:18:45","modified_gmt":"2017-03-08T09:18:45","slug":"team","status":"publish","type":"page","link":"http:\/\/letsstay.de\/?page_id=7","title":{"rendered":"Team"},"content":{"rendered":"<p><em><strong>Samee Ullah<br \/>\n<img decoding=\"async\" loading=\"lazy\" class=\"size-full wp-image-53 alignleft\" src=\"http:\/\/letsstay.de\/wp-content\/uploads\/2016\/11\/DSC_1850.jpg\" alt=\"Samee Ullah\" width=\"200\" height=\"134\" \/><\/strong><\/em>Samee Ullah is an Artist from Pakistan. He is co-founder of the first self organized theater group of refugees in Germany and used art as a tool to fight against Racism. In his three years of career in Germany he initiated the idea of Canival of Refugees and organized an historical demonstration for refugee rights where seven big (state) theaters joined the demonstration on the International day against racism. In his diverse projects, he also works as TV Talk show moderator at Alex-Berlin.<br \/>\nThrough his workshops with school kids and University students he tries to give better understandings of new arrivals, reasons to flee and life in host country. In the project \u201eSpeak out\u201c he is moderator of Film series. He&#8217;s the host of \u201eLet&#8217;s Stay\u201c.<\/p>\n<p><strong><em>Vanessa Macedo<\/em><\/strong><br \/>\n<img decoding=\"async\" loading=\"lazy\" class=\"size-full wp-image-54 alignleft\" src=\"http:\/\/letsstay.de\/wp-content\/uploads\/2016\/11\/DSC_1860.jpg\" alt=\"Vanessa Macedo\" width=\"200\" height=\"134\" \/>Vanessa Macedo is a Documentary Filmmaker. She was born and raised in Elizabeth, New Jersey to a Colombian mother and a Brazilian father. She makes participatory video with communities in Berlin for social action and policy change. She listens to what is concerning communities and what they want to change allowing their voices to be heard and distributed through media platforms for local and national transformation. As a pacifist, she is interested in peacemaking through the use of expressive arts. In \u201eLet&#8217;s Stay\u201c she is the Videographer and Co-Director of the series. She adds, &#8220;I am interested in working on this series because we need to built bridges not walls across communities.&#8221;<\/p>\n<p><em><strong>Irfan Aftab<\/strong><\/em><br \/>\n<img decoding=\"async\" loading=\"lazy\" class=\"size-full wp-image-63 alignleft\" src=\"http:\/\/letsstay.de\/wp-content\/uploads\/2016\/11\/DSC1840.jpg\" alt=\"Irfan Aftab\" width=\"200\" height=\"134\" \/>Irfan Aftab is a professional multimedia Journalist from Karachi, Pakistan. He is living in Berlin since six years and he contributes to Deutsche Welle TV. He has studied Intercultural Communication Studies at European University Viadrina, located at German polish border town Frankfurt Oder Germany. As a journalist, Irfan reported thought provoking stories of Refugees coming from sub-continent to Middle East towards Europe. He also accompanied the journey of Pakistani refugees from Hungarian-Serbian border till the capital of Germany.<br \/>\nIn \u201eLet\u2019s Stay\u201c, he will be supporting in various stages of production i.e. visual storytelling, concept building and post-production.<\/p>\n<p><em><strong>Thomas Klein<\/strong><\/em><br \/>\n<img decoding=\"async\" loading=\"lazy\" class=\"wp-image-100 alignleft\" src=\"http:\/\/letsstay.de\/wp-content\/uploads\/2016\/11\/Thomas-Webseite-300x181.jpg\" alt=\"thomas-webseite\" width=\"199\" height=\"120\" srcset=\"http:\/\/letsstay.de\/wp-content\/uploads\/2016\/11\/Thomas-Webseite-300x181.jpg 300w, http:\/\/letsstay.de\/wp-content\/uploads\/2016\/11\/Thomas-Webseite-768x463.jpg 768w, http:\/\/letsstay.de\/wp-content\/uploads\/2016\/11\/Thomas-Webseite-1024x618.jpg 1024w, http:\/\/letsstay.de\/wp-content\/uploads\/2016\/11\/Thomas-Webseite.jpg 1233w\" sizes=\"(max-width: 199px) 100vw, 199px\" \/>Thomas Klein ist Film- und Medienwissenschaftler. Er ist im rheinland-pf\u00e4lzischen Idar-Oberstein geboren. Seit etwas mehr als einem Jahr lebt er in Berlin. Er geh\u00f6rt also auch zu den Neuen. Nach vielen Jahren als Dozent an der Uni, in denen er sich u.a. mit Genres, Serien, transmedialem Erz\u00e4hlen und Dokumentarfilmen zu Nachhaltigkeitsthemen besch\u00e4ftigt hat, widmet er sich jetzt mehr der Praxis und entwickelt mediale Konzepte f\u00fcr die Nachhaltigkeitskommunikation. Mit dem YouTube-Kanal \u201eLet&#8217;s Stay &#8211; Gefl\u00fcchtete erz\u00e4hlen von sich\u201c will er von Menschen erz\u00e4hlen, die zu uns gekommen sind, weil sie dort, wo sie hergekommen sind, nicht mehr leben konnten und weil das, was sie hier machen, beachtenswert und spannend ist. Thomas Klein ist Creator und Producer von \u201eLet&#8217;s Stay\u201c.<\/p>\n<p><em><strong>Lea Wortmann<\/strong><\/em><br \/>\n<img decoding=\"async\" loading=\"lazy\" class=\"size-full wp-image-52 alignleft\" src=\"http:\/\/letsstay.de\/wp-content\/uploads\/2016\/11\/DSC_1844.jpg\" alt=\"Lea Wortmann\" width=\"200\" height=\"134\" \/>Ich studiere \u201eGlobal Change Management\u201c an der HNE in Eberswalde und bin gerade zu einem Forschungssmester im KMGNE. Meine Leidenschaft ist das Schreiben. Durch Praktika bei der Zeitschrift politische \u00f6kologie im oekom Verlag und bei dem Online-Magazin Klimaretter habe ich journalistische Erfahrungen zu Umweltthemen sammeln k\u00f6nnen. Ich schreibe gerne auch kleine Geschichten und habe 2015 eine einj\u00e4hrige Weiterbildung zur Anleiterin zum kreativen und therapeutischen Schreiben gemacht. Mit Gefl\u00fcchteten habe ich vor allem seit letztem Jahr zu tun, als in meiner Stra\u00dfe eine Fl\u00fcchtlingsunterkunft er\u00f6ffnete und ich die Menschen dort durch ein mitinitiiertes Mal- und Bastelprojekt f\u00fcr Kinder kennenlernte. In \u201eLet&#8217;s Stay\u201c fertige ich aus dem Dokumentationsmaterial Geschichten f\u00fcr die sozialen Medien.<\/p>\n<p><em><strong>Tilla Borner<br \/>\n<img decoding=\"async\" loading=\"lazy\" class=\"wp-image-145 alignleft\" src=\"http:\/\/letsstay.de\/wp-content\/uploads\/2016\/11\/Tilla-1024x678.jpg\" alt=\"tilla\" width=\"203\" height=\"135\" \/><\/strong><\/em>Ich bin 19 Jahre jung und absolviere momentan einen Bundesfreiwilligendienst mit Fl\u00fcchtlingsbezug in Eberswalde. Um der Zukunft gewappnet entgegenzutreten zu treten, mich also beruflich halbwegs zu orientieren, m\u00f6chte ich m\u00f6glichst viele Eindr\u00fccke sammeln und soviel wie m\u00f6glich aus den unterschiedlichsten Bereichen mitnehmen! Ich lasse mich schnell f\u00fcr neue Dinge begeistern und bin bereit f\u00fcr neue Herausforderungen.<br \/>\nIn \u201eLet&#8217;s Stay\u201c dokumentiere ich die Prozesse und Ergebnisse, damit wir \u00fcber die sozialen Netzwerke einen Vorgeschmack auf das Kommende geben k\u00f6nnen.<\/p>\n<p><em><strong>\u00a0<\/strong><\/em><\/p>\n","protected":false},"excerpt":{"rendered":"<p>Samee Ullah Samee Ullah is an Artist from Pakistan. He is co-founder of the first self organized theater group of refugees in Germany and used art as a tool to fight against Racism. In his three years of career in Germany he initiated the idea of Canival of Refugees and organized an historical demonstration for <a class=\"read-more\" href=\"http:\/\/letsstay.de\/?page_id=7\">Read More<\/a><\/p>\n","protected":false},"author":1,"featured_media":0,"parent":0,"menu_order":0,"comment_status":"closed","ping_status":"closed","template":"","meta":[],"_links":{"self":[{"href":"http:\/\/letsstay.de\/index.php?rest_route=\/wp\/v2\/pages\/7"}],"collection":[{"href":"http:\/\/letsstay.de\/index.php?rest_route=\/wp\/v2\/pages"}],"about":[{"href":"http:\/\/letsstay.de\/index.php?rest_route=\/wp\/v2\/types\/page"}],"author":[{"embeddable":true,"href":"http:\/\/letsstay.de\/index.php?rest_route=\/wp\/v2\/users\/1"}],"replies":[{"embeddable":true,"href":"http:\/\/letsstay.de\/index.php?rest_route=%2Fwp%2Fv2%2Fcomments&post=7"}],"version-history":[{"count":24,"href":"http:\/\/letsstay.de\/index.php?rest_route=\/wp\/v2\/pages\/7\/revisions"}],"predecessor-version":[{"id":228,"href":"http:\/\/letsstay.de\/index.php?rest_route=\/wp\/v2\/pages\/7\/revisions\/228"}],"wp:attachment":[{"href":"http:\/\/letsstay.de\/index.php?rest_route=%2Fwp%2Fv2%2Fmedia&parent=7"}],"curies":[{"name":"wp","href":"https:\/\/api.w.org\/{rel}","templated":true}]}}